{"id":923,"date":"2016-05-12T18:50:04","date_gmt":"2016-05-12T14:50:04","guid":{"rendered":"http:\/\/azservis.az\/ru\/haqqimizda\/"},"modified":"2024-03-24T16:10:24","modified_gmt":"2024-03-24T12:10:24","slug":"haqqimizda","status":"publish","type":"page","link":"https:\/\/azservis.az\/ru\/haqqimizda\/","title":{"rendered":"Haqq\u0131m\u0131zda"},"content":{"rendered":"[vc_row][vc_column][vc_column_text]\n<p style=\"text-align: center;\"><span style=\"font-size: 18px; font-family: georgia, palatino;\">04.04.2004\u00a0c\u00fc ild\u0259n start g\u00f6t\u00fcrm\u00fc\u015f <strong>AzServis<\/strong> t\u0259mir m\u0259rk\u0259zi \u0259n b\u00f6y\u00fck,m\u00fcxt\u0259lif istiqam\u0259tli,universal v\u0259 ill\u0259rl\u0259 i\u015f staj\u0131na malik t\u0259c\u00fcrb\u0259li m\u00fch\u0259ndis,m\u00fc\u0259llim v\u0259 usta heyy\u0259tind\u0259n ibar\u0259tdir.Servisimiz ir\u0259li getm\u0259kd\u0259 davam edir.\u0130nan\u0131r\u0131q ki,sizd\u0259 bizim servis m\u0259rk\u0259zinin imkanlar\u0131ndan yararlana bil\u0259c\u0259ksiniz.Bildirm\u0259k ist\u0259yirik ki,Respublikan\u0131n ist\u0259nil\u0259n \u00fcnvan\u0131nda xidm\u0259t g\u00f6st\u0259rm\u0259k qabily\u0259tind\u0259yik.Xo\u015f g\u00fcnl\u0259r arzusu il\u0259 <strong>AzServis<\/strong> in r\u0259hb\u0259rliyi.\u00a0<img decoding=\"async\" loading=\"lazy\" class=\"aligncenter wp-image-768\" src=\"http:\/\/azservis.az\/wp-content\/uploads\/2017\/04\/logoazservis-1-300x85.png\" alt=\"\" width=\"871\" height=\"247\" srcset=\"https:\/\/azservis.az\/wp-content\/uploads\/2017\/04\/logoazservis-1-300x85.png 300w, https:\/\/azservis.az\/wp-content\/uploads\/2017\/04\/logoazservis-1-500x141.png 500w, https:\/\/azservis.az\/wp-content\/uploads\/2017\/04\/logoazservis-1.png 699w\" sizes=\"(max-width: 871px) 100vw, 871px\" \/><\/span><\/p>\n[\/vc_column_text][\/vc_column][\/vc_row]\n","protected":false},"excerpt":{"rendered":"<p>[vc_row][vc_column][vc_column_text] 04.04.2004\u00a0c\u00fc ild\u0259n start g\u00f6t\u00fcrm\u00fc\u015f AzServis t\u0259mir m\u0259rk\u0259zi \u0259n b\u00f6y\u00fck,m\u00fcxt\u0259lif istiqam\u0259tli,universal v\u0259 ill\u0259rl\u0259 i\u015f staj\u0131na malik t\u0259c\u00fcrb\u0259li m\u00fch\u0259ndis,m\u00fc\u0259llim v\u0259 usta heyy\u0259tind\u0259n ibar\u0259tdir.Servisimiz ir\u0259li getm\u0259kd\u0259 davam edir.\u0130nan\u0131r\u0131q ki,sizd\u0259 bizim servis m\u0259rk\u0259zinin imkanlar\u0131ndan yararlana bil\u0259c\u0259ksiniz.Bildirm\u0259k ist\u0259yirik ki,Respublikan\u0131n ist\u0259nil\u0259n \u00fcnvan\u0131nda xidm\u0259t g\u00f6st\u0259rm\u0259k qabily\u0259tind\u0259yik.Xo\u015f&hellip;<\/p>\n","protected":false},"author":1,"featured_media":0,"parent":0,"menu_order":0,"comment_status":"closed","ping_status":"closed","template":"","meta":[],"_links":{"self":[{"href":"https:\/\/azservis.az\/ru\/wp-json\/wp\/v2\/pages\/923"}],"collection":[{"href":"https:\/\/azservis.az\/ru\/wp-json\/wp\/v2\/pages"}],"about":[{"href":"https:\/\/azservis.az\/ru\/wp-json\/wp\/v2\/types\/page"}],"author":[{"embeddable":true,"href":"https:\/\/azservis.az\/ru\/wp-json\/wp\/v2\/users\/1"}],"replies":[{"embeddable":true,"href":"https:\/\/azservis.az\/ru\/wp-json\/wp\/v2\/comments?post=923"}],"version-history":[{"count":2,"href":"https:\/\/azservis.az\/ru\/wp-json\/wp\/v2\/pages\/923\/revisions"}],"predecessor-version":[{"id":2538,"href":"https:\/\/azservis.az\/ru\/wp-json\/wp\/v2\/pages\/923\/revisions\/2538"}],"wp:attachment":[{"href":"https:\/\/azservis.az\/ru\/wp-json\/wp\/v2\/media?parent=923"}],"curies":[{"name":"wp","href":"https:\/\/api.w.org\/{rel}","templated":true}]}}