{"id":924,"date":"2017-04-28T20:51:21","date_gmt":"2017-04-28T16:51:21","guid":{"rendered":"http:\/\/azservis.az\/en\/isin-nizami\/"},"modified":"2019-01-27T15:18:29","modified_gmt":"2019-01-27T11:18:29","slug":"isin-nizami","status":"publish","type":"page","link":"https:\/\/azservis.az\/en\/isin-nizami\/","title":{"rendered":"\u0130\u015fin nizam\u0131"},"content":{"rendered":"<p>&nbsp;<\/p>\n<ul>\n<li style=\"text-align: center;\"><strong>\u00c7eviklik<\/strong><br \/>\nBiz q\u0259bul etdiyimiz m\u00fc\u015ft\u0259ril\u0259ri 2 saatdan gec olmayaraq i\u015fin gedi\u015fat\u0131 haqqda m\u0259lumatland\u0131r\u0131r\u0131q.<br \/>\nt\u0259mir b\u0259rpa i\u015fl\u0259ri is\u0259 (ehtiyat hiss\u0259l\u0259ri anbarda varsa) 2 g\u00fcnd\u0259n gec olmayaraq h\u0259yata ke\u00e7irilir.<\/li>\n<li style=\"text-align: center;\"><strong>S\u0259liq\u0259<\/strong><br \/>\nBiz xidm\u0259t etdiyimiz m\u00fc\u015ft\u0259ril\u0259rl\u0259 etik qaydalara uy\u011fun olaraq \u00e7ox n\u0259zak\u0259tl\u0259 davran\u0131l\u0131r.Q\u0259bul<br \/>\nolunan aparatlar s\u0259liq\u0259 s\u0259hmanla ,t\u0259miz i\u015f \u015f\u0259raitind\u0259 v\u0259 standartlara uy\u011fun olaraq s\u00f6k\u00fcl\u00fcr,<br \/>\nt\u0259mir olunur v\u0259 y\u0131\u011f\u0131laraq m\u00fc\u015ft\u0259riy\u0259 t\u0259hvil verilir.<\/li>\n<li style=\"text-align: center;\"><strong>Keyfiyy\u0259t<\/strong><br \/>\nBizim servisimizd\u0259 t\u0259mir olunan aparatlara standartlara uy\u011fun, sertifikatla\u015fd\u0131r\u0131lm\u0131\u015f ehtiyat<br \/>\nhiss\u0259l\u0259ri t\u0259tbiq olunur.G\u00f6r\u00fcl\u0259n h\u0259r bir keyfiyy\u0259tli i\u015f servisin qarant\u0131d\u0131r.<\/li>\n<li style=\"text-align: center;\"><strong>Qiym\u0259t<\/strong><br \/>\nAzServis in qiym\u0259t siyas\u0259ti i\u015fimizin g\u00f6st\u0259ricisidir.T\u0259mir olunan aparatlar\u0131n qiym\u0259t tarifl\u0259ri dig\u0259r<br \/>\nyerl\u0259rd\u0259n 30 -35 % a\u015fa\u011f\u0131d\u0131r.\u015e\u0259hid ail\u0259si,veteranlar v\u0259 az t\u0259minatl\u0131 al\u0259l\u0259r\u0259 x\u00fcsusi g\u00fcz\u0259\u015ftl\u0259r olunur.<br \/>\nDaimi m\u00fc\u015ft\u0259ril\u0259r \u00fc\u00e7\u00fcn 40% g\u00fcz\u0259\u015ft v\u0259 ya 2-3 aparat olduqda 1 \u0259d\u0259di h\u0259diyy\u0259 olaraq t\u0259mir olunur.<\/li>\n<li style=\"text-align: center;\"><strong>Z\u0259man\u0259t<\/strong><br \/>\nAzServis t\u0259mir m\u0259rk\u0259zind\u0259 t\u0259mir olunan ist\u0259nil\u0259n aparaturaya yaz\u0131l\u0131 \u015f\u0259kild\u0259 z\u0259man\u0259t blank\u0131 t\u0259qdim<br \/>\nolunur.M\u00fc\u015ft\u0259ri h\u0259min z\u0259man\u0259t m\u00fcdd\u0259tind\u0259 t\u0259mir olunan hiss\u0259 xarab olarsa xidm\u0259td\u0259n pulsuz<br \/>\nistifad\u0259 ed\u0259 bil\u0259r.Yuxar\u0131da g\u00f6st\u0259ril\u0259n i\u015fin nizam\u0131 bizim strateqiyam\u0131zd\u0131r.<br \/>\n\u00dcm\u00fcdvar\u0131q ki,bunlar\u0131n \u015fahidi olmaq \u00fc\u00e7\u00fcn bizim servis xidm\u0259tl\u0259rimizd\u0259n istifad\u0259 ed\u0259c\u0259ksiniz.<\/li>\n<\/ul>\n","protected":false},"excerpt":{"rendered":"<p>&nbsp; \u00c7eviklik Biz q\u0259bul etdiyimiz m\u00fc\u015ft\u0259ril\u0259ri 2 saatdan gec olmayaraq i\u015fin gedi\u015fat\u0131 haqqda m\u0259lumatland\u0131r\u0131r\u0131q. t\u0259mir b\u0259rpa i\u015fl\u0259ri is\u0259 (ehtiyat hiss\u0259l\u0259ri anbarda varsa) 2 g\u00fcnd\u0259n gec olmayaraq h\u0259yata ke\u00e7irilir. S\u0259liq\u0259 Biz xidm\u0259t etdiyimiz m\u00fc\u015ft\u0259ril\u0259rl\u0259 etik qaydalara uy\u011fun olaraq \u00e7ox n\u0259zak\u0259tl\u0259 davran\u0131l\u0131r.Q\u0259bul&hellip;<\/p>\n","protected":false},"author":1,"featured_media":0,"parent":0,"menu_order":0,"comment_status":"closed","ping_status":"closed","template":"","meta":[],"_links":{"self":[{"href":"https:\/\/azservis.az\/en\/wp-json\/wp\/v2\/pages\/924"}],"collection":[{"href":"https:\/\/azservis.az\/en\/wp-json\/wp\/v2\/pages"}],"about":[{"href":"https:\/\/azservis.az\/en\/wp-json\/wp\/v2\/types\/page"}],"author":[{"embeddable":true,"href":"https:\/\/azservis.az\/en\/wp-json\/wp\/v2\/users\/1"}],"replies":[{"embeddable":true,"href":"https:\/\/azservis.az\/en\/wp-json\/wp\/v2\/comments?post=924"}],"version-history":[{"count":2,"href":"https:\/\/azservis.az\/en\/wp-json\/wp\/v2\/pages\/924\/revisions"}],"predecessor-version":[{"id":1452,"href":"https:\/\/azservis.az\/en\/wp-json\/wp\/v2\/pages\/924\/revisions\/1452"}],"wp:attachment":[{"href":"https:\/\/azservis.az\/en\/wp-json\/wp\/v2\/media?parent=924"}],"curies":[{"name":"wp","href":"https:\/\/api.w.org\/{rel}","templated":true}]}}